{"id":2,"date":"2023-12-14T16:23:38","date_gmt":"2023-12-14T15:23:38","guid":{"rendered":"http:\/\/wordpress.fasilaweb.fr\/?page_id=2"},"modified":"2023-12-15T09:57:07","modified_gmt":"2023-12-15T08:57:07","slug":"page-d-exemple","status":"publish","type":"page","link":"https:\/\/wordpress.fasilaweb.fr\/index.php\/page-d-exemple\/","title":{"rendered":"Qui sommes-nous ?"},"content":{"rendered":"\n<p>Cr\u00e9\u00e9e en 2023, notre <strong>association loi 1901 RF&#8217;Escal<\/strong> a pour vocation l&#8217;initiation \u00e0 l&#8217;escalade\u00a0:<\/p>\n\n\n\n<blockquote class=\"wp-block-quote is-layout-flow wp-block-quote-is-layout-flow\">\n<p>Nous proposons un programme complet d&#8217;initiation \u00e0 l&#8217;escalade : nos s\u00e9ances collectives ou individuelles en salle sur mur d&#8217;escalade, mais aussi en ext\u00e9rieur sur falaises<\/p>\n<\/blockquote>\n\n\n\n<p>\u2026 ainsi que des cours de perfectionnement&nbsp;:<\/p>\n\n\n\n<blockquote class=\"wp-block-quote is-layout-flow wp-block-quote-is-layout-flow\">\n<p>Canyoning, Via-Ferrata, Via-Corda, Sp\u00e9l\u00e9o, Acrosp\u00e9l\u00e9o, \u2026<\/p>\n<\/blockquote>\n","protected":false},"excerpt":{"rendered":"<p>Cr\u00e9\u00e9e en 2023, notre association loi 1901 RF&#8217;Escal a pour vocation l&#8217;initiation \u00e0 l&#8217;escalade\u00a0: Nous proposons un programme complet d&#8217;initiation \u00e0 l&#8217;escalade : nos s\u00e9ances collectives ou individuelles en salle sur mur d&#8217;escalade, mais aussi en ext\u00e9rieur sur falaises \u2026 ainsi que des cours de perfectionnement&nbsp;: Canyoning, Via-Ferrata, Via-Corda, Sp\u00e9l\u00e9o, Acrosp\u00e9l\u00e9o, \u2026<\/p>\n","protected":false},"author":1,"featured_media":0,"parent":0,"menu_order":0,"comment_status":"closed","ping_status":"open","template":"","meta":{"footnotes":""},"class_list":["post-2","page","type-page","status-publish","hentry"],"_links":{"self":[{"href":"https:\/\/wordpress.fasilaweb.fr\/index.php\/wp-json\/wp\/v2\/pages\/2","targetHints":{"allow":["GET"]}}],"collection":[{"href":"https:\/\/wordpress.fasilaweb.fr\/index.php\/wp-json\/wp\/v2\/pages"}],"about":[{"href":"https:\/\/wordpress.fasilaweb.fr\/index.php\/wp-json\/wp\/v2\/types\/page"}],"author":[{"embeddable":true,"href":"https:\/\/wordpress.fasilaweb.fr\/index.php\/wp-json\/wp\/v2\/users\/1"}],"replies":[{"embeddable":true,"href":"https:\/\/wordpress.fasilaweb.fr\/index.php\/wp-json\/wp\/v2\/comments?post=2"}],"version-history":[{"count":3,"href":"https:\/\/wordpress.fasilaweb.fr\/index.php\/wp-json\/wp\/v2\/pages\/2\/revisions"}],"predecessor-version":[{"id":29,"href":"https:\/\/wordpress.fasilaweb.fr\/index.php\/wp-json\/wp\/v2\/pages\/2\/revisions\/29"}],"wp:attachment":[{"href":"https:\/\/wordpress.fasilaweb.fr\/index.php\/wp-json\/wp\/v2\/media?parent=2"}],"curies":[{"name":"wp","href":"https:\/\/api.w.org\/{rel}","templated":true}]}}